{"id":13,"date":"2026-02-02T15:15:44","date_gmt":"2026-02-02T15:15:44","guid":{"rendered":"https:\/\/damascodos.rkinformatika.online\/?page_id=13"},"modified":"2026-02-03T09:07:00","modified_gmt":"2026-02-03T09:07:00","slug":"servicios","status":"publish","type":"page","link":"https:\/\/damascodos.com\/eu\/servicios\/","title":{"rendered":"Zerbitzuak"},"content":{"rendered":"<div data-elementor-type=\"wp-page\" data-elementor-id=\"13\" class=\"elementor elementor-13\" data-elementor-post-type=\"page\">\n\t\t\t\t<div class=\"elementor-element elementor-element-8521c50 animated-slow e-flex e-con-boxed elementor-invisible e-con e-parent\" data-id=\"8521c50\" data-element_type=\"container\" data-e-type=\"container\" data-settings=\"{&quot;animation&quot;:&quot;fadeIn&quot;}\">\n\t\t\t\t\t<div class=\"e-con-inner\">\n\t\t<div class=\"elementor-element elementor-element-0a3c0d0 e-con-full animated-slow e-flex elementor-invisible e-con e-child\" data-id=\"0a3c0d0\" data-element_type=\"container\" data-e-type=\"container\" data-settings=\"{&quot;background_background&quot;:&quot;classic&quot;,&quot;animation&quot;:&quot;fadeInUp&quot;}\">\n\t\t\t\t<div class=\"elementor-element elementor-element-c151b49 elementor-widget elementor-widget-heading\" data-id=\"c151b49\" data-element_type=\"widget\" data-e-type=\"widget\" data-widget_type=\"heading.default\">\n\t\t\t\t\t<h2 class=\"elementor-heading-title elementor-size-default\">Bigarren eskuko denda bat, non beti aurkitzen duzun zerbait berezia<\/h2>\t\t\t\t<\/div>\n\t\t\t\t<\/div>\n\t\t\t\t\t<\/div>\n\t\t\t\t<\/div>\n\t\t<div class=\"elementor-element elementor-element-38729f2 e-flex e-con-boxed e-con e-parent\" data-id=\"38729f2\" data-element_type=\"container\" data-e-type=\"container\">\n\t\t\t\t\t<div class=\"e-con-inner\">\n\t\t<div class=\"elementor-element elementor-element-09e2888 e-con-full e-flex elementor-invisible e-con e-child\" data-id=\"09e2888\" data-element_type=\"container\" data-e-type=\"container\" data-settings=\"{&quot;animation&quot;:&quot;fadeInLeft&quot;}\">\n\t\t\t\t<div class=\"elementor-element elementor-element-68ae5e4 elementor-widget elementor-widget-heading\" data-id=\"68ae5e4\" data-element_type=\"widget\" data-e-type=\"widget\" data-widget_type=\"heading.default\">\n\t\t\t\t\t<h2 class=\"elementor-heading-title elementor-size-default\">Ropa de segunda mano<\/h2>\t\t\t\t<\/div>\n\t\t\t\t<div class=\"elementor-element elementor-element-b712ae6 elementor-widget elementor-widget-text-editor\" data-id=\"b712ae6\" data-element_type=\"widget\" data-e-type=\"widget\" data-widget_type=\"text-editor.default\">\n\t\t\t\t\t\t\t\t\t<p>(para distintas edades y estilos)<\/p>\t\t\t\t\t\t\t\t<\/div>\n\t\t\t\t<\/div>\n\t\t<div class=\"elementor-element elementor-element-201582e e-con-full e-flex elementor-invisible e-con e-child\" data-id=\"201582e\" data-element_type=\"container\" data-e-type=\"container\" data-settings=\"{&quot;animation&quot;:&quot;fadeInRight&quot;}\">\n\t\t\t\t<div class=\"elementor-element elementor-element-dd376b0 elementor-widget elementor-widget-heading\" data-id=\"dd376b0\" data-element_type=\"widget\" data-e-type=\"widget\" data-widget_type=\"heading.default\">\n\t\t\t\t\t<h2 class=\"elementor-heading-title elementor-size-default\">Art\u00edculos para el hogar<\/h2>\t\t\t\t<\/div>\n\t\t\t\t<div class=\"elementor-element elementor-element-3a7baf8 elementor-widget elementor-widget-text-editor\" data-id=\"3a7baf8\" data-element_type=\"widget\" data-e-type=\"widget\" data-widget_type=\"text-editor.default\">\n\t\t\t\t\t\t\t\t\t<p>(ollas, utensilios de cocina, peque\u00f1os objetos)<\/p>\t\t\t\t\t\t\t\t<\/div>\n\t\t\t\t<\/div>\n\t\t<div class=\"elementor-element elementor-element-8b6fcbd e-con-full e-flex elementor-invisible e-con e-child\" data-id=\"8b6fcbd\" data-element_type=\"container\" data-e-type=\"container\" data-settings=\"{&quot;animation&quot;:&quot;fadeInLeft&quot;}\">\n\t\t\t\t<div class=\"elementor-element elementor-element-4a13ad6 elementor-widget elementor-widget-heading\" data-id=\"4a13ad6\" data-element_type=\"widget\" data-e-type=\"widget\" data-widget_type=\"heading.default\">\n\t\t\t\t\t<h2 class=\"elementor-heading-title elementor-size-default\">Antig\u00fcedades y objetos vintage<\/h2>\t\t\t\t<\/div>\n\t\t\t\t<div class=\"elementor-element elementor-element-cb3e321 elementor-widget elementor-widget-text-editor\" data-id=\"cb3e321\" data-element_type=\"widget\" data-e-type=\"widget\" data-widget_type=\"text-editor.default\">\n\t\t\t\t\t\t\t\t\t<p>(ollas, utensilios de cocina, peque\u00f1os objetos)<\/p>\t\t\t\t\t\t\t\t<\/div>\n\t\t\t\t<\/div>\n\t\t<div class=\"elementor-element elementor-element-c4216dd e-con-full e-flex elementor-invisible e-con e-child\" data-id=\"c4216dd\" data-element_type=\"container\" data-e-type=\"container\" data-settings=\"{&quot;animation&quot;:&quot;fadeInRight&quot;}\">\n\t\t\t\t<div class=\"elementor-element elementor-element-6bdc354 elementor-widget elementor-widget-heading\" data-id=\"6bdc354\" data-element_type=\"widget\" data-e-type=\"widget\" data-widget_type=\"heading.default\">\n\t\t\t\t\t<h2 class=\"elementor-heading-title elementor-size-default\">Otros art\u00edculos reutilizables<\/h2>\t\t\t\t<\/div>\n\t\t\t\t<div class=\"elementor-element elementor-element-7e90a3a elementor-widget elementor-widget-text-editor\" data-id=\"7e90a3a\" data-element_type=\"widget\" data-e-type=\"widget\" data-widget_type=\"text-editor.default\">\n\t\t\t\t\t\t\t\t\t<p>(en buen estado)<\/p>\t\t\t\t\t\t\t\t<\/div>\n\t\t\t\t<\/div>\n\t\t\t\t\t<\/div>\n\t\t\t\t<\/div>\n\t\t<div class=\"elementor-element elementor-element-3e7cb87 e-flex e-con-boxed e-con e-parent\" data-id=\"3e7cb87\" data-element_type=\"container\" data-e-type=\"container\">\n\t\t\t\t\t<div class=\"e-con-inner\">\n\t\t\t\t<div class=\"elementor-element elementor-element-b53becb elementor-tablet-align-center elementor-widget elementor-widget-button\" data-id=\"b53becb\" data-element_type=\"widget\" data-e-type=\"widget\" data-widget_type=\"button.default\">\n\t\t\t\t\t\t\t\t\t\t<a class=\"elementor-button elementor-button-link elementor-size-sm elementor-animation-grow\" href=\"https:\/\/damascodos.com\/eu\/contacto\/\">\n\t\t\t\t\t\t<span class=\"elementor-button-content-wrapper\">\n\t\t\t\t\t\t\t\t\t<span class=\"elementor-button-text\">Kontaktua<\/span>\n\t\t\t\t\t<\/span>\n\t\t\t\t\t<\/a>\n\t\t\t\t\t\t\t\t<\/div>\n\t\t\t\t\t<\/div>\n\t\t\t\t<\/div>\n\t\t<div class=\"elementor-element elementor-element-1bdd2cf animated-slow e-flex e-con-boxed elementor-invisible e-con e-parent\" data-id=\"1bdd2cf\" data-element_type=\"container\" data-e-type=\"container\" data-settings=\"{&quot;animation&quot;:&quot;fadeIn&quot;}\">\n\t\t\t\t\t<div class=\"e-con-inner\">\n\t\t\t\t<div class=\"elementor-element elementor-element-5167c51 elementor-widget elementor-widget-heading\" data-id=\"5167c51\" data-element_type=\"widget\" data-e-type=\"widget\" data-widget_type=\"heading.default\">\n\t\t\t\t\t<h2 class=\"elementor-heading-title elementor-size-default\">Menos residuos, m\u00e1s estilo<\/h2>\t\t\t\t<\/div>\n\t\t\t\t\t<\/div>\n\t\t\t\t<\/div>\n\t\t\t\t<\/div>","protected":false},"excerpt":{"rendered":"<p>Una tienda de segunda mano donde siempre encuentras algo especial Ropa de segunda mano (para distintas edades y estilos) Art\u00edculos para el hogar (ollas, utensilios de cocina, peque\u00f1os objetos) Antig\u00fcedades y objetos vintage (ollas, utensilios de cocina, peque\u00f1os objetos) Otros art\u00edculos reutilizables (en buen estado) Contacto Menos residuos, m\u00e1s estilo<\/p>","protected":false},"author":1,"featured_media":0,"parent":0,"menu_order":0,"comment_status":"closed","ping_status":"closed","template":"elementor_canvas","meta":{"footnotes":""},"class_list":["post-13","page","type-page","status-publish","hentry"],"yoast_head":"<!-- This site is optimized with the Yoast SEO plugin v27.4 - https:\/\/yoast.com\/product\/yoast-seo-wordpress\/ -->\n<title>Servicios - Dams 2<\/title>\n<meta name=\"robots\" content=\"index, follow, max-snippet:-1, max-image-preview:large, max-video-preview:-1\" \/>\n<link rel=\"canonical\" href=\"https:\/\/damascodos.com\/eu\/servicios\/\" \/>\n<meta property=\"og:locale\" content=\"en_US\" \/>\n<meta property=\"og:type\" content=\"article\" \/>\n<meta property=\"og:title\" content=\"Servicios - Dams 2\" \/>\n<meta property=\"og:description\" content=\"Una tienda de segunda mano donde siempre encuentras algo especial Ropa de segunda mano (para distintas edades y estilos) Art\u00edculos para el hogar (ollas, utensilios de cocina, peque\u00f1os objetos) Antig\u00fcedades y objetos vintage (ollas, utensilios de cocina, peque\u00f1os objetos) Otros art\u00edculos reutilizables (en buen estado) Contacto Menos residuos, m\u00e1s estilo\" \/>\n<meta property=\"og:url\" content=\"https:\/\/damascodos.com\/eu\/servicios\/\" \/>\n<meta property=\"og:site_name\" content=\"Dams 2\" \/>\n<meta property=\"article:modified_time\" content=\"2026-02-03T09:07:00+00:00\" \/>\n<meta name=\"twitter:card\" content=\"summary_large_image\" \/>\n<meta name=\"twitter:label1\" content=\"Est. reading time\" \/>\n\t<meta name=\"twitter:data1\" content=\"1 minutua\" \/>\n<script type=\"application\/ld+json\" class=\"yoast-schema-graph\">{\"@context\":\"https:\\\/\\\/schema.org\",\"@graph\":[{\"@type\":\"WebPage\",\"@id\":\"https:\\\/\\\/damascodos.com\\\/servicios\\\/\",\"url\":\"https:\\\/\\\/damascodos.com\\\/servicios\\\/\",\"name\":\"Servicios - Dams 2\",\"isPartOf\":{\"@id\":\"https:\\\/\\\/damascodos.com\\\/#website\"},\"datePublished\":\"2026-02-02T15:15:44+00:00\",\"dateModified\":\"2026-02-03T09:07:00+00:00\",\"breadcrumb\":{\"@id\":\"https:\\\/\\\/damascodos.com\\\/servicios\\\/#breadcrumb\"},\"inLanguage\":\"eu\",\"potentialAction\":[{\"@type\":\"ReadAction\",\"target\":[\"https:\\\/\\\/damascodos.com\\\/servicios\\\/\"]}]},{\"@type\":\"BreadcrumbList\",\"@id\":\"https:\\\/\\\/damascodos.com\\\/servicios\\\/#breadcrumb\",\"itemListElement\":[{\"@type\":\"ListItem\",\"position\":1,\"name\":\"Portada\",\"item\":\"https:\\\/\\\/damascodos.com\\\/\"},{\"@type\":\"ListItem\",\"position\":2,\"name\":\"Servicios\"}]},{\"@type\":\"WebSite\",\"@id\":\"https:\\\/\\\/damascodos.com\\\/#website\",\"url\":\"https:\\\/\\\/damascodos.com\\\/\",\"name\":\"Dams 2\",\"description\":\"Tienda segunda mano\",\"publisher\":{\"@id\":\"https:\\\/\\\/damascodos.com\\\/#organization\"},\"potentialAction\":[{\"@type\":\"SearchAction\",\"target\":{\"@type\":\"EntryPoint\",\"urlTemplate\":\"https:\\\/\\\/damascodos.com\\\/?s={search_term_string}\"},\"query-input\":{\"@type\":\"PropertyValueSpecification\",\"valueRequired\":true,\"valueName\":\"search_term_string\"}}],\"inLanguage\":\"eu\"},{\"@type\":\"Organization\",\"@id\":\"https:\\\/\\\/damascodos.com\\\/#organization\",\"name\":\"Dams 2\",\"url\":\"https:\\\/\\\/damascodos.com\\\/\",\"logo\":{\"@type\":\"ImageObject\",\"inLanguage\":\"eu\",\"@id\":\"https:\\\/\\\/damascodos.com\\\/#\\\/schema\\\/logo\\\/image\\\/\",\"url\":\"https:\\\/\\\/damascodos.com\\\/wp-content\\\/uploads\\\/2026\\\/02\\\/cropped-Diseno-sin-titulo.png\",\"contentUrl\":\"https:\\\/\\\/damascodos.com\\\/wp-content\\\/uploads\\\/2026\\\/02\\\/cropped-Diseno-sin-titulo.png\",\"width\":500,\"height\":500,\"caption\":\"Dams 2\"},\"image\":{\"@id\":\"https:\\\/\\\/damascodos.com\\\/#\\\/schema\\\/logo\\\/image\\\/\"}}]}<\/script>\n<!-- \/ Yoast SEO plugin. -->","yoast_head_json":{"title":"Servicios - Dams 2","robots":{"index":"index","follow":"follow","max-snippet":"max-snippet:-1","max-image-preview":"max-image-preview:large","max-video-preview":"max-video-preview:-1"},"canonical":"https:\/\/damascodos.com\/eu\/servicios\/","og_locale":"en_US","og_type":"article","og_title":"Servicios - Dams 2","og_description":"Una tienda de segunda mano donde siempre encuentras algo especial Ropa de segunda mano (para distintas edades y estilos) Art\u00edculos para el hogar (ollas, utensilios de cocina, peque\u00f1os objetos) Antig\u00fcedades y objetos vintage (ollas, utensilios de cocina, peque\u00f1os objetos) Otros art\u00edculos reutilizables (en buen estado) Contacto Menos residuos, m\u00e1s estilo","og_url":"https:\/\/damascodos.com\/eu\/servicios\/","og_site_name":"Dams 2","article_modified_time":"2026-02-03T09:07:00+00:00","twitter_card":"summary_large_image","twitter_misc":{"Est. reading time":"1 minutua"},"schema":{"@context":"https:\/\/schema.org","@graph":[{"@type":"WebPage","@id":"https:\/\/damascodos.com\/servicios\/","url":"https:\/\/damascodos.com\/servicios\/","name":"Servicios - Dams 2","isPartOf":{"@id":"https:\/\/damascodos.com\/#website"},"datePublished":"2026-02-02T15:15:44+00:00","dateModified":"2026-02-03T09:07:00+00:00","breadcrumb":{"@id":"https:\/\/damascodos.com\/servicios\/#breadcrumb"},"inLanguage":"eu","potentialAction":[{"@type":"ReadAction","target":["https:\/\/damascodos.com\/servicios\/"]}]},{"@type":"BreadcrumbList","@id":"https:\/\/damascodos.com\/servicios\/#breadcrumb","itemListElement":[{"@type":"ListItem","position":1,"name":"Portada","item":"https:\/\/damascodos.com\/"},{"@type":"ListItem","position":2,"name":"Servicios"}]},{"@type":"WebSite","@id":"https:\/\/damascodos.com\/#website","url":"https:\/\/damascodos.com\/","name":"Dams 2","description":"Tienda segunda mano","publisher":{"@id":"https:\/\/damascodos.com\/#organization"},"potentialAction":[{"@type":"SearchAction","target":{"@type":"EntryPoint","urlTemplate":"https:\/\/damascodos.com\/?s={search_term_string}"},"query-input":{"@type":"PropertyValueSpecification","valueRequired":true,"valueName":"search_term_string"}}],"inLanguage":"eu"},{"@type":"Organization","@id":"https:\/\/damascodos.com\/#organization","name":"Dams 2","url":"https:\/\/damascodos.com\/","logo":{"@type":"ImageObject","inLanguage":"eu","@id":"https:\/\/damascodos.com\/#\/schema\/logo\/image\/","url":"https:\/\/damascodos.com\/wp-content\/uploads\/2026\/02\/cropped-Diseno-sin-titulo.png","contentUrl":"https:\/\/damascodos.com\/wp-content\/uploads\/2026\/02\/cropped-Diseno-sin-titulo.png","width":500,"height":500,"caption":"Dams 2"},"image":{"@id":"https:\/\/damascodos.com\/#\/schema\/logo\/image\/"}}]}},"_links":{"self":[{"href":"https:\/\/damascodos.com\/eu\/wp-json\/wp\/v2\/pages\/13","targetHints":{"allow":["GET"]}}],"collection":[{"href":"https:\/\/damascodos.com\/eu\/wp-json\/wp\/v2\/pages"}],"about":[{"href":"https:\/\/damascodos.com\/eu\/wp-json\/wp\/v2\/types\/page"}],"author":[{"embeddable":true,"href":"https:\/\/damascodos.com\/eu\/wp-json\/wp\/v2\/users\/1"}],"replies":[{"embeddable":true,"href":"https:\/\/damascodos.com\/eu\/wp-json\/wp\/v2\/comments?post=13"}],"version-history":[{"count":16,"href":"https:\/\/damascodos.com\/eu\/wp-json\/wp\/v2\/pages\/13\/revisions"}],"predecessor-version":[{"id":190,"href":"https:\/\/damascodos.com\/eu\/wp-json\/wp\/v2\/pages\/13\/revisions\/190"}],"wp:attachment":[{"href":"https:\/\/damascodos.com\/eu\/wp-json\/wp\/v2\/media?parent=13"}],"curies":[{"name":"wp","href":"https:\/\/api.w.org\/{rel}","templated":true}]}}